{"id":2256,"date":"2025-03-03T10:23:59","date_gmt":"2025-03-03T10:23:59","guid":{"rendered":"https:\/\/msinsight.dk\/nervinflammation\/"},"modified":"2026-02-23T07:38:11","modified_gmt":"2026-02-23T07:38:11","slug":"nervinflammation","status":"publish","type":"page","link":"https:\/\/msinsight.dk\/sv\/nervinflammation\/","title":{"rendered":"Nervinflammation"},"content":{"rendered":"<h1>Nervinflammation kan behandlas med st\u00f6tv\u00e5g och EMTT, utan biverkningar och medicinering<\/h1>\n<p>\t\t\t\t\t\t\t\t\t\t\t\t\t\t\t<img fetchpriority=\"high\" decoding=\"async\" width=\"1250\" height=\"800\" src=\"https:\/\/msinsight.dk\/wp-content\/uploads\/2025\/03\/Nervebetaendelse.webp\" alt=\"Nervebet\u00e6ndelse\" srcset=\"https:\/\/msinsight.dk\/wp-content\/uploads\/2025\/03\/Nervebetaendelse.webp 1250w, https:\/\/msinsight.dk\/wp-content\/uploads\/2025\/03\/Nervebetaendelse-768x492.webp 768w\" sizes=\"(max-width: 1250px) 100vw, 1250px\" \/><br \/>\n\t\t\t\t\t\t\t\t\t\t\t\t\t\t\t<img decoding=\"async\" width=\"962\" height=\"623\" src=\"https:\/\/msinsight.dk\/wp-content\/uploads\/2025\/02\/MS-Insight-EMTT.jpg\" alt=\"\" srcset=\"https:\/\/msinsight.dk\/wp-content\/uploads\/2025\/02\/MS-Insight-EMTT.jpg 962w, https:\/\/msinsight.dk\/wp-content\/uploads\/2025\/02\/MS-Insight-EMTT-768x497.jpg 768w\" sizes=\"(max-width: 962px) 100vw, 962px\" \/><br \/>\n\t\t\t\t\t<a href=\"https:\/\/msinsight.dk\/sv\/kontakta-oss\/\"><br \/>\n\t\t\t\t\t\t\t\t\tF\u00e5 ett icke-bindande samtal<br \/>\n\t\t\t\t\t<\/a><\/p>\n<h3>Effektiv behandling av nervinflammation och neuropati<\/h3>\n<p>Neuropati, \u00e4ven k\u00e4nt som neurit, kan vara ett extremt handikappande tillst\u00e5nd som ofta drabbar h\u00e4nder och f\u00f6tter, men som ocks\u00e5 kan leda till problem som <a href=\"https:\/\/msinsight.dk\/sv\/behandling-av-inkontinens\/\">inkontinens<\/a> och <a href=\"https:\/\/msinsight.dk\/erektil-dysfunktion\/\">erektil dysfunktion<\/a>. Det \u00e4r just detta som \u00e4r min specialitet. Tillst\u00e5ndet uppst\u00e5r ofta som en f\u00f6ljd av livsstilssjukdomar, t.ex. diabetes, d\u00e4r nervv\u00e4vnaden gradvis f\u00f6rs\u00e4mras.  <\/p>\n<p>Detta kan leda till sm\u00e4rta, nedsatt funktion och allm\u00e4nt f\u00f6rs\u00e4mrad livskvalitet. Lyckligtvis finns det effektiva behandlingsalternativ och jag erbjuder en rad avancerade tekniker som st\u00f6tv\u00e5g, laserterapi, EMTT och NESA-neuromodulering. I m\u00e5nga fall uppn\u00e5s de b\u00e4sta resultaten genom att kombinera flera behandlingsmetoder f\u00f6r en mer m\u00e5linriktad och individualiserad behandling.  <\/p>\n<p>Under din f\u00f6rsta konsultation g\u00f6r vi en grundlig unders\u00f6kning och g\u00e5r igenom din livsstil och eventuella underliggande orsaker till ditt tillst\u00e5nd. Utifr\u00e5n detta skr\u00e4ddarsyr vi den mest optimala behandlingsstrategin f\u00f6r att f\u00f6rb\u00e4ttra din funktion och ditt v\u00e4lbefinnande. <\/p>\n<p>P\u00e5 den h\u00e4r sidan kan du snabbt f\u00e5 en \u00f6verblick \u00f6ver dina behandlingsalternativ. Om du har n\u00e5gra fr\u00e5gor \u00e4r du alltid v\u00e4lkommen att kontakta mig f\u00f6r en icke-bindande dialog. <\/p>\n<h2>Nesa-Neuromodulation f\u00f6r nervinflammation<br \/>\n<\/h2>\n<p data-start=\"104\" data-end=\"462\">V\u00e4rldsh\u00e4lsoorganisationen (WHO) uppskattar att kronisk sm\u00e4rta drabbar cirka 20% av v\u00e4rldens befolkning. S\u00e4rskilt neuropatisk sm\u00e4rta kan vara komplicerad att behandla eftersom den ofta inneb\u00e4r obalanser i det autonoma nervsystemet. Traditionella behandlingsmetoder kan d\u00e4rf\u00f6r vara otillr\u00e4ckliga eftersom de inte tar itu med de underliggande nervfunktionerna.  <\/p>\n<p data-start=\"464\" data-end=\"806\">Med <a href=\"https:\/\/msinsight.dk\/sv\/nesa-neuromodulering\/\">NESA\u00ae avancerade neuromoduleringsteknik<\/a> \u00e4r det m\u00f6jligt att p\u00e5verka det autonoma nervsystemet och \u00e5terst\u00e4lla en mer harmonisk nervfunktion. Genom att reglera den bioelektriska signalen i nervv\u00e4vnaden kan denna metod bidra till att minska sm\u00e4rtan och f\u00f6rb\u00e4ttra livskvaliteten f\u00f6r personer med neuropati och andra former av kronisk sm\u00e4rta. <\/p>\n<p data-start=\"808\" data-end=\"1211\">Ny forskning understryker sambandet mellan det autonoma nervsystemet och kronisk sm\u00e4rta. En studie av <a href=\"https:\/\/agridergisi.com\/jvi.aspx?pdir=agri&amp;plng=eng&amp;un=AGRI-43078\">Arslan och \u00c7evik (2022)<\/a> visar till exempel att det sympatiska nervsystemet kan vara en nyckelfaktor i utvecklingen och f\u00f6rv\u00e4rrandet av sm\u00e4rtupplevelser. Detta understryker vikten av att rikta behandlingen mot hela nervsystemet snarare \u00e4n att bara fokusera p\u00e5 det omr\u00e5de d\u00e4r sm\u00e4rtan upplevs.  <\/p>\n<p data-start=\"1213\" data-end=\"1355\" data-is-last-node=\"\" data-is-only-node=\"\">Detta tillv\u00e4gag\u00e5ngss\u00e4tt s\u00e4kerst\u00e4ller en mer holistisk reglering av nervsystemet, vilket kan ge en mer l\u00e5ngvarig och effektiv sm\u00e4rtlindring.<\/p>\n<p>\t\t\t\t\t<!-- Elfsight Google Reviews | Untitled Google Reviews -->  <\/p>\n<h2>F\u00f6rdelarna med fokuserad st\u00f6tv\u00e5gsbehandling n\u00e4r livskvaliteten \u00e4r nedsatt<\/h2>\n<p>Det finns m\u00e5nga bra effekter av <a href=\"https:\/\/www.msinsight.dk\/shockwave-behandling\/\">st\u00f6tv\u00e5g<\/a> n\u00e4r du har kronisk sm\u00e4rta, och h\u00e4r n\u00e4mner jag bara n\u00e5gra, men om du kontaktar mig g\u00e5r jag g\u00e4rna in mer i detalj p\u00e5 hur just din sm\u00e4rta fr\u00e5n nervinflammation kan p\u00e5verkas med st\u00f6tv\u00e5g. Och det beh\u00f6ver inte g\u00f6ra ont. <\/p>\n<ul>\n<li>\n\t\t\t\t\t\t\t<svg aria-hidden=\"true\" viewBox=\"0 0 512 512\" xmlns=\"http:\/\/www.w3.org\/2000\/svg\"><path d=\"M256 8C119 8 8 119 8 256s111 248 248 248 248-111 248-248S393 8 256 8z\"><\/path><\/svg><br \/>\n\t\t\t\t\t\t\t\t\t\tShockwave fr\u00e4mjar snabbare l\u00e4kning av skador genom att frig\u00f6ra tillv\u00e4xtfaktorer, stamceller och andra nyttiga \u00e4mnen f\u00f6r att regenerera kroppens celler.\n\t\t\t\t\t\t\t\t\t<\/li>\n<li>\n\t\t\t\t\t\t\t<svg aria-hidden=\"true\" viewBox=\"0 0 512 512\" xmlns=\"http:\/\/www.w3.org\/2000\/svg\"><path d=\"M256 8C119 8 8 119 8 256s111 248 248 248 248-111 248-248S393 8 256 8z\"><\/path><\/svg><br \/>\n\t\t\t\t\t\t\t\t\t\tBehandlingen hj\u00e4lper till att skapa nya blodk\u00e4rl och kapill\u00e4rer som \u00f6kar blodfl\u00f6det i de behandlade omr\u00e5dena, vilket ocks\u00e5 hj\u00e4lper till med balansen.\n\t\t\t\t\t\t\t\t\t<\/li>\n<li>\n\t\t\t\t\t\t\t<svg aria-hidden=\"true\" viewBox=\"0 0 512 512\" xmlns=\"http:\/\/www.w3.org\/2000\/svg\"><path d=\"M256 8C119 8 8 119 8 256s111 248 248 248 248-111 248-248S393 8 256 8z\"><\/path><\/svg><br \/>\n\t\t\t\t\t\t\t\t\t\tJag behandlar effektivt de omr\u00e5den som orsakar din sm\u00e4rta, b\u00e5de prim\u00e4ra och sekund\u00e4ra omr\u00e5den med h\u00f6g precision, styrd av ultraljudsskanning.\n\t\t\t\t\t\t\t\t\t<\/li>\n<li>\n\t\t\t\t\t\t\t<svg aria-hidden=\"true\" viewBox=\"0 0 512 512\" xmlns=\"http:\/\/www.w3.org\/2000\/svg\"><path d=\"M256 8C119 8 8 119 8 256s111 248 248 248 248-111 248-248S393 8 256 8z\"><\/path><\/svg><br \/>\n\t\t\t\t\t\t\t\t\t\tEffekterna av fokuserad st\u00f6tv\u00e5g kan best\u00e5 l\u00e5ngt efter avslutad behandling, vilket ger varaktig sm\u00e4rtlindring och f\u00f6rb\u00e4ttrad livskvalitet.\n\t\t\t\t\t\t\t\t\t<\/li>\n<li>\n\t\t\t\t\t\t\t<svg aria-hidden=\"true\" viewBox=\"0 0 512 512\" xmlns=\"http:\/\/www.w3.org\/2000\/svg\"><path d=\"M256 8C119 8 8 119 8 256s111 248 248 248 248-111 248-248S393 8 256 8z\"><\/path><\/svg><br \/>\n\t\t\t\t\t\t\t\t\t\tGenom att lindra sm\u00e4rta och fr\u00e4mja l\u00e4kning kan fokuserade st\u00f6tv\u00e5gor minska eller till och med eliminera behovet av sm\u00e4rtstillande l\u00e4kemedel och minska risken f\u00f6r skadliga biverkningar.\n\t\t\t\t\t\t\t\t\t<\/li>\n<li>\n\t\t\t\t\t\t\t<svg aria-hidden=\"true\" viewBox=\"0 0 512 512\" xmlns=\"http:\/\/www.w3.org\/2000\/svg\"><path d=\"M256 8C119 8 8 119 8 256s111 248 248 248 248-111 248-248S393 8 256 8z\"><\/path><\/svg><br \/>\n\t\t\t\t\t\t\t\t\t\tVid neuropati kan st\u00f6tv\u00e5gor bidra till att minska sm\u00e4rta och symtom n\u00e4r traditionell medicin inte kan g\u00f6ra det.\n\t\t\t\t\t\t\t\t\t<\/li>\n<\/ul>\n<h2>\nEMTT f\u00f6rdjupar och f\u00f6rst\u00e4rker effekterna av st\u00f6tv\u00e5gs- och andra behandlingar<br \/>\n<\/h2>\n<p data-start=\"82\" data-end=\"502\"><a href=\"https:\/\/msinsight.dk\/sv\/emtt-magnetolit\/\">EMTT<\/a> anv\u00e4nder sig av kraftfulla men \u00e4nd\u00e5 skonsamma magnetiska pulser som tr\u00e4nger djupt in i kroppens v\u00e4vnader. Pulserna p\u00e5verkar cellfunktionen genom att stimulera membranpotentialen och \u00f6ka den metaboliska aktiviteten, vilket st\u00f6der kroppens naturliga l\u00e4kningsprocess. Resultatet \u00e4r snabbare v\u00e4vnadsreparation, minskad inflammation och betydande sm\u00e4rtlindring - allt i syfte att f\u00f6rb\u00e4ttra din livskvalitet.  <\/p>\n<p data-start=\"504\" data-end=\"968\" data-is-last-node=\"\" data-is-only-node=\"\">En av de viktigaste f\u00f6rdelarna med EMTT \u00e4r att den n\u00e5r djupa v\u00e4vnader som annars kan vara sv\u00e5ra att behandla, t.ex. muskler, senor och bindv\u00e4v. Behandlingen kan ocks\u00e5 stimulera nervsystemet direkt, vilket g\u00f6r den s\u00e4rskilt effektiv vid tillst\u00e5nd som neurit, b\u00e4ckensm\u00e4rta och inkontinens. Eftersom EMTT \u00e4r helt sm\u00e4rtfri och kan utf\u00f6ras utan att man beh\u00f6ver ta av sig kl\u00e4derna, \u00e4r det ett bekv\u00e4mt och bekv\u00e4mt alternativ f\u00f6r dem som s\u00f6ker en effektiv, icke-invasiv behandlingsmetod.  <\/p>\n<p>\t\t\t\t\t<a href=\"https:\/\/msinsight.dk\/sv\/kontakta-oss\/\"><br \/>\n\t\t\t\t\t\t\t\t\tF\u00e5 ett icke-bindande samtal<br \/>\n\t\t\t\t\t<\/a><\/p>\n<h2>Laser mot nervinflammation, utan sm\u00e4rta eller biverkningar<\/h2>\n<p>N\u00e4r det g\u00e4ller behandling av nervinflammation \u00e4r det s\u00e4rskilt intressant hur vi kan rikta in oss p\u00e5 specifika mekanismer som p\u00e5verkar sm\u00e4rtupplevelsen. Laserterapi har visat sig vara en effektiv metod eftersom den bidrar till ett antal biologiska processer som kan minska sm\u00e4rtan och f\u00f6rb\u00e4ttra nervfunktionen. <\/p>\n<p>En av de viktigaste effekterna av laserljus \u00e4r att det st\u00f6der normaliseringen av jonkanaler i cellerna, vilket \u00e4r viktigt f\u00f6r en sund nervfunktion.<\/p>\n<p>Dessutom stimuleras kroppens produktion av kv\u00e4veoxid, vilket f\u00f6rb\u00e4ttrar blodfl\u00f6det, samtidigt som niv\u00e5erna av beta-endorfiner \u00f6kar och de sm\u00e4rtframkallande bradykininerna minskar. Dessa processer bidrar sammantaget till en mer effektiv sm\u00e4rtlindring. <\/p>\n<p>Tv\u00e5 andra viktiga mekanismer i laserterapins effekt p\u00e5 nervv\u00e4vnad \u00e4r att h\u00e4mma depolarisering av C-fibrer, vilket ofta ses vid neuropati, och att stimulera axonal regenerering och reparation av nervceller.<\/p>\n<p>Dessa faktorer spelar en avg\u00f6rande roll f\u00f6r att \u00e5terst\u00e4lla nervv\u00e4vnadens funktion och minska sm\u00e4rtan p\u00e5 l\u00e5ng sikt.<\/p>\n<p>\t\t\t\t\t\t\t\t\t\t\t\t\t\t\t<img decoding=\"async\" width=\"694\" height=\"402\" src=\"https:\/\/msinsight.dk\/wp-content\/uploads\/2025\/02\/EMTT-avanceret-behandling.webp\" alt=\"EMTT - avanceret behandling\" \/><br \/>\n\t\t\t\t\t<a href=\"https:\/\/msinsight.dk\/sv\/kontakta-oss\/\"><br \/>\n\t\t\t\t\t\t\t\t\tKontakta mig om du har n\u00e5gra fr\u00e5gor<br \/>\n\t\t\t\t\t<\/a><\/p>\n<h2>Det finns tv\u00e5 typer av nervinflammation, perifer och autonom neuropati.<br \/>\n<\/h2>\n<p data-start=\"82\" data-end=\"612\"><strong data-start=\"82\" data-end=\"103\">Perifer neuropati<\/strong> uppst\u00e5r n\u00e4r det sensoriska och motoriska nervsystemet skadas, vilket ofta leder till symtom i t\u00e5r, f\u00f6tter, ben och h\u00e4nder. I allvarliga fall kan tillst\u00e5ndet utvecklas till diabetiska fots\u00e5r, som - om de inte behandlas p\u00e5 r\u00e4tt s\u00e4tt - kan leda till allvarliga komplikationer, inklusive amputation av t\u00e5rna eller foten. Lyckligtvis finns det effektiva behandlingsalternativ och jag har haft s\u00e4rskilt goda erfarenheter av st\u00f6tv\u00e5gsbehandling f\u00f6r att fr\u00e4mja l\u00e4kningen av diabetess\u00e5r och f\u00f6rb\u00e4ttra blodcirkulationen.  <\/p>\n<p data-start=\"614\" data-end=\"1027\" data-is-last-node=\"\" data-is-only-node=\"\"><strong data-start=\"614\" data-end=\"635\">Autonom neuropati<\/strong> inneb\u00e4r skador p\u00e5 det autonoma nervsystemet, vilket vanligtvis p\u00e5verkar urinbl\u00e5sans funktion, hj\u00e4rtats aktivitet och mag-tarmsystemet. I vissa fall kan det ocks\u00e5 leda till <a href=\"https:\/\/msinsight.dk\/sv\/orsaker-till-erektil-dysfunktion\/\">sexuell dysfunktion<\/a>. H\u00e4r kan NESA-neuromodulering vara en mycket effektiv behandlingsform eftersom den st\u00f6der regleringen av nervsystemets funktion och hj\u00e4lper till att \u00e5terst\u00e4lla balansen i de drabbade omr\u00e5dena.  <\/p>\n<h2>Vad \u00e4r behandlingsf\u00f6rloppet f\u00f6r neurit?<br \/>\n<\/h2>\n<p>Behandlingsf\u00f6rloppet f\u00f6r neuropati beror p\u00e5 ett antal faktorer, bland annat hur allvarliga symtomen \u00e4r, hur l\u00e4nge problemet har p\u00e5g\u00e5tt samt din allm\u00e4nna livsstil och eventuella samsjukligheter som diabetes. N\u00e4r nervv\u00e4vnaden v\u00e4l har degenererats kan den vanligtvis inte \u00e5terst\u00e4llas, vilket g\u00f6r det viktigt att bromsa ytterligare f\u00f6rs\u00e4mring och bevara s\u00e5 mycket funktion som m\u00f6jligt f\u00f6r att s\u00e4kerst\u00e4lla en b\u00e4ttre livskvalitet. <\/p>\n<p><strong>St\u00f6tv\u00e5gsbehandling<\/strong> best\u00e5r vanligtvis av 6-8 sessioner under 4-5 veckor f\u00f6r att uppn\u00e5 en grundl\u00e4ggande effekt. D\u00e4refter kan underh\u00e5llsbehandlingar beh\u00f6vas. Shockwave kombineras alltid med EMTT f\u00f6r att stimulera det centrala nervsystemet och optimera effekten.  <\/p>\n<p><strong> Laserterapi och NESA-neuromodulering<\/strong> f\u00f6ljer ett n\u00e5got l\u00e4ngre f\u00f6rlopp, med 12-16 behandlingar som vanligtvis ges under samma 4-5-veckorsperiod. Detta skapar en stabil baslinje efter vilken behandlingen kan forts\u00e4tta vid behov. <\/p>\n<p>Den mest effektiva behandlingsstrategin skr\u00e4ddarsys och fastst\u00e4lls vid din f\u00f6rsta konsultation. H\u00e4r g\u00e5r vi igenom dina symtom och behov f\u00f6r att ge dig en skr\u00e4ddarsydd plan som kan f\u00f6rb\u00e4ttra din livskvalitet avsev\u00e4rt. <\/p>\n<p>Behandlingarna b\u00f6rjar fr\u00e5n 1.000 DKK per session och du f\u00e5r en omfattande offert vid din f\u00f6rsta konsultation p\u00e5 kliniken.<\/p>\n<p>\t\t\t\t\t\t\t\t\t\t\t\t\t\t\t<img loading=\"lazy\" decoding=\"async\" width=\"5713\" height=\"2578\" src=\"https:\/\/msinsight.dk\/wp-content\/uploads\/2025\/02\/MS-Insight-taleboble-kopi.jpg\" alt=\"Shockwave behandling\" srcset=\"https:\/\/msinsight.dk\/wp-content\/uploads\/2025\/02\/MS-Insight-taleboble-kopi.jpg 5713w, https:\/\/msinsight.dk\/wp-content\/uploads\/2025\/02\/MS-Insight-taleboble-kopi-768x347.jpg 768w, https:\/\/msinsight.dk\/wp-content\/uploads\/2025\/02\/MS-Insight-taleboble-kopi-1536x693.jpg 1536w, https:\/\/msinsight.dk\/wp-content\/uploads\/2025\/02\/MS-Insight-taleboble-kopi-2048x924.jpg 2048w\" sizes=\"(max-width: 5713px) 100vw, 5713px\" \/><br \/>\n\t\t\t\t\t<a href=\"https:\/\/msinsight.dk\/sv\/kontakta-oss\/\"><br \/>\n\t\t\t\t\t\t\t\t\tKontakta mig om du har n\u00e5gra fr\u00e5gor<br \/>\n\t\t\t\t\t<\/a><\/p>\n<h2>Ha ett f\u00f6ruts\u00e4ttningsl\u00f6st samtal idag<\/h2>\n<p>Om du \u00e4r intresserad av att h\u00f6ra mer om hur vi kan hj\u00e4lpa dig \u00e4r du alltid v\u00e4lkommen att kontakta oss p\u00e5 telefon: <a href=\"tel:41400858\">41 40 08 58<\/a> eller e-post: <a href=\"mailto:michael@msinsight.dk\">michael@msinsight.dk.<\/a> Alternativt kan du fylla i kontaktformul\u00e4ret med dina uppgifter och en kort beskrivning av ditt problem. Jag \u00e5terkommer snabbt med en skr\u00e4ddarsydd l\u00f6sning s\u00e5 att vi tillsammans kan hitta den b\u00e4sta v\u00e4gen fram\u00e5t.  <\/p>\n<p>\t\t\t<iframe loading=\"lazy\"\n\t\t\t\t\tsrc=\"https:\/\/maps.google.com\/maps?q=Eliasgade%2010b%2C%202300%20K%C3%B8benhavn&#038;t=m&#038;z=10&#038;output=embed&#038;iwloc=near\"\n\t\t\t\t\ttitle=\"Eliasgade 10b, 2300 K\u00f8benhavn\"\n\t\t\t\t\taria-label=\"Eliasgade 10b, 2300 K\u00f8benhavn\"\n\t\t\t><\/iframe><\/p>\n","protected":false},"excerpt":{"rendered":"<p>Nervinflammation kan behandlas med st\u00f6tv\u00e5g och EMTT, utan biverkningar och medicinering F\u00e5 ett icke-bindande samtal Effektiv behandling av nervinflammation och neuropati Neuropati, \u00e4ven k\u00e4nt som neurit, kan vara ett extremt handikappande tillst\u00e5nd som ofta drabbar h\u00e4nder och f\u00f6tter, men som ocks\u00e5 kan leda till problem som inkontinens och erektil dysfunktion. Det \u00e4r just detta som [&hellip;]<\/p>\n","protected":false},"author":5,"featured_media":2128,"parent":0,"menu_order":0,"comment_status":"closed","ping_status":"closed","template":"","meta":{"_acf_changed":false,"inline_featured_image":false,"footnotes":""},"class_list":["post-2256","page","type-page","status-publish","has-post-thumbnail","hentry"],"acf":[],"_links":{"self":[{"href":"https:\/\/msinsight.dk\/sv\/wp-json\/wp\/v2\/pages\/2256","targetHints":{"allow":["GET"]}}],"collection":[{"href":"https:\/\/msinsight.dk\/sv\/wp-json\/wp\/v2\/pages"}],"about":[{"href":"https:\/\/msinsight.dk\/sv\/wp-json\/wp\/v2\/types\/page"}],"author":[{"embeddable":true,"href":"https:\/\/msinsight.dk\/sv\/wp-json\/wp\/v2\/users\/5"}],"replies":[{"embeddable":true,"href":"https:\/\/msinsight.dk\/sv\/wp-json\/wp\/v2\/comments?post=2256"}],"version-history":[{"count":5,"href":"https:\/\/msinsight.dk\/sv\/wp-json\/wp\/v2\/pages\/2256\/revisions"}],"predecessor-version":[{"id":3337,"href":"https:\/\/msinsight.dk\/sv\/wp-json\/wp\/v2\/pages\/2256\/revisions\/3337"}],"wp:featuredmedia":[{"embeddable":true,"href":"https:\/\/msinsight.dk\/sv\/wp-json\/wp\/v2\/media\/2128"}],"wp:attachment":[{"href":"https:\/\/msinsight.dk\/sv\/wp-json\/wp\/v2\/media?parent=2256"}],"curies":[{"name":"wp","href":"https:\/\/api.w.org\/{rel}","templated":true}]}}